{"id":39,"date":"2026-02-12T10:25:43","date_gmt":"2026-02-12T09:25:43","guid":{"rendered":"https:\/\/itdevconsulting.fr\/?page_id=39"},"modified":"2026-02-13T16:04:09","modified_gmt":"2026-02-13T15:04:09","slug":"consulting","status":"publish","type":"page","link":"https:\/\/itdevconsulting.fr\/index.php\/consulting\/","title":{"rendered":"Consulting"},"content":{"rendered":"\n<h1 class=\"wp-block-heading\">Notre vision du consulting<\/h1>\n\n\n\n<h3 class=\"wp-block-heading\">Du petit coup de pouce \u2026\u00e0 la baguette magique&nbsp;!<\/h3>\n\n\n\n<p>Vous avez rassembl\u00e9 les meilleurs du march\u00e9, et pourtant, \u00e7a ne semble pas suffire&nbsp;!<\/p>\n\n\n\n<p>Parce qu\u2019il ne suffit pas de juxtaposer des comp\u00e9tences pour tirer le meilleur d\u2019une \u00e9quipe, nos consultants vous accompagnent de mani\u00e8re cibl\u00e9e pour transformer vos \u00e9quipes et les amener vers leur efficacit\u00e9 optimale.<\/p>\n\n\n\n<p>D\u2019une int\u00e9gration totale \u00e0 l\u2019\u00e9quipe si le besoin est v\u00e9rifi\u00e9, \u00e0 l\u2019accompagnement r\u00e9gulier, toutes les formules sont possibles, en fonction de vos besoins, que nous d\u00e9terminons ensemble.<\/p>\n\n\n\n<h3 class=\"wp-block-heading\">Une m\u00e9thodologie \u00e9prouv\u00e9e par 25 ans d\u2019exp\u00e9rience<\/h3>\n\n\n\n<p>Nos consultants sont exp\u00e9riment\u00e9s, poss\u00e9dant \u00e0 la fois de fortes expertises techniques, des bases solides de management de projet (PRINCE 2, PRINCE2 Agile, Scrum, AgilePM), et des sensibilisations approfondies en outils de communication interpersonnelles (PCM, CNV).<\/p>\n\n\n\n<p>Contactez-nous pour voir comment nous pouvons vous aider&nbsp;!<\/p>\n","protected":false},"excerpt":{"rendered":"<p>Notre vision du consulting Du petit coup de pouce \u2026\u00e0 la baguette magique&nbsp;! Vous avez rassembl\u00e9 les meilleurs du march\u00e9, et pourtant, \u00e7a ne semble pas suffire&nbsp;! Parce qu\u2019il ne suffit pas de juxtaposer des comp\u00e9tences pour tirer le meilleur d\u2019une \u00e9quipe, nos consultants vous accompagnent de mani\u00e8re cibl\u00e9e pour transformer vos \u00e9quipes et les &hellip; <\/p>\n","protected":false},"author":1,"featured_media":0,"parent":0,"menu_order":0,"comment_status":"closed","ping_status":"closed","template":"","meta":{"footnotes":""},"class_list":["post-39","page","type-page","status-publish","hentry","grid-sizer"],"_links":{"self":[{"href":"https:\/\/itdevconsulting.fr\/index.php\/wp-json\/wp\/v2\/pages\/39","targetHints":{"allow":["GET"]}}],"collection":[{"href":"https:\/\/itdevconsulting.fr\/index.php\/wp-json\/wp\/v2\/pages"}],"about":[{"href":"https:\/\/itdevconsulting.fr\/index.php\/wp-json\/wp\/v2\/types\/page"}],"author":[{"embeddable":true,"href":"https:\/\/itdevconsulting.fr\/index.php\/wp-json\/wp\/v2\/users\/1"}],"replies":[{"embeddable":true,"href":"https:\/\/itdevconsulting.fr\/index.php\/wp-json\/wp\/v2\/comments?post=39"}],"version-history":[{"count":12,"href":"https:\/\/itdevconsulting.fr\/index.php\/wp-json\/wp\/v2\/pages\/39\/revisions"}],"predecessor-version":[{"id":186,"href":"https:\/\/itdevconsulting.fr\/index.php\/wp-json\/wp\/v2\/pages\/39\/revisions\/186"}],"wp:attachment":[{"href":"https:\/\/itdevconsulting.fr\/index.php\/wp-json\/wp\/v2\/media?parent=39"}],"curies":[{"name":"wp","href":"https:\/\/api.w.org\/{rel}","templated":true}]}}