{"id":128,"date":"2026-02-12T15:44:15","date_gmt":"2026-02-12T14:44:15","guid":{"rendered":"https:\/\/itdevconsulting.fr\/?page_id=128"},"modified":"2026-02-13T12:03:49","modified_gmt":"2026-02-13T11:03:49","slug":"nos-consultants","status":"publish","type":"page","link":"https:\/\/itdevconsulting.fr\/index.php\/nos-consultants\/","title":{"rendered":"Nos consultants"},"content":{"rendered":"\n<p>A la fois <strong>techniquement compl\u00e9mentaires et align\u00e9s sur des valeurs identiques,<\/strong> nos consultants interviennent ensemble ou s\u00e9par\u00e9ment, suivant vos besoins.<\/p>\n\n\n\n<p><\/p>\n\n\n\n<p>Nos consultants sont <strong>exp\u00e9riment\u00e9s<\/strong>, poss\u00e9dant \u00e0 la fois de fortes <strong>expertises techniques<\/strong>, des <strong>bases solides de management de projet<\/strong> (PRINCE2 Agile, Scrum, AgilePM), et des sensibilisations approfondies en <strong>outils de communication interpersonnelles<\/strong> (PCM, CNV).<\/p>\n\n\n\n<p><\/p>\n\n\n\n<p><strong>Envie de nous rejoindre ? envoyez-nous un mot, pour pr\u00e9voir un \u00e9change<\/strong><\/p>\n\n\n\n<p><\/p>\n\n\n\n<p><strong>Sandrine : <\/strong><\/p>\n\n\n\n<div class=\"wp-block-group is-nowrap is-layout-flex wp-container-core-group-is-layout-ad2f72ca wp-block-group-is-layout-flex\">\n<figure class=\"wp-block-image size-full is-resized\"><img fetchpriority=\"high\" decoding=\"async\" width=\"523\" height=\"697\" src=\"https:\/\/itdevconsulting.fr\/wp-content\/uploads\/2026\/02\/moi.jpg\" alt=\"\" class=\"wp-image-135\" style=\"aspect-ratio:0.7503530835967449;width:119px;height:auto\" srcset=\"https:\/\/itdevconsulting.fr\/wp-content\/uploads\/2026\/02\/moi.jpg 523w, https:\/\/itdevconsulting.fr\/wp-content\/uploads\/2026\/02\/moi-225x300.jpg 225w\" sizes=\"(max-width: 523px) 100vw, 523px\" \/><\/figure>\n\n\n\n<p>Consultante technico-organisationnelle depuis 25 ans, Sandrine vous accompagne pour mettre en place le cadre et la r\u00e9ussite de vos projets.<\/p>\n<\/div>\n\n\n\n<p><\/p>\n\n\n\n<p><strong>Cyrille : <\/strong><\/p>\n\n\n\n<div class=\"wp-block-group is-nowrap is-layout-flex wp-container-core-group-is-layout-ad2f72ca wp-block-group-is-layout-flex\">\n<figure class=\"wp-block-image size-full is-resized\"><img decoding=\"async\" width=\"498\" height=\"664\" src=\"https:\/\/itdevconsulting.fr\/wp-content\/uploads\/2026\/02\/CyrilleFournier.jpg\" alt=\"\" class=\"wp-image-138\" style=\"aspect-ratio:0.7499941169549359;width:92px;height:auto\" srcset=\"https:\/\/itdevconsulting.fr\/wp-content\/uploads\/2026\/02\/CyrilleFournier.jpg 498w, https:\/\/itdevconsulting.fr\/wp-content\/uploads\/2026\/02\/CyrilleFournier-225x300.jpg 225w\" sizes=\"(max-width: 498px) 100vw, 498px\" \/><\/figure>\n\n\n\n<p>D\u00e9veloppeur hors-norme, ing\u00e9nieur d&rsquo;exploitation Big-data, son excellence, son pragmatisme viendra \u00e0 bout de vos difficult\u00e9s quelles qu&rsquo;elles soient !<\/p>\n<\/div>\n\n\n\n<p><\/p>\n\n\n\n<p><strong>Augustin : <\/strong><\/p>\n\n\n\n<div class=\"wp-block-group is-nowrap is-layout-flex wp-container-core-group-is-layout-ad2f72ca wp-block-group-is-layout-flex\">\n<figure class=\"wp-block-image size-full is-resized\"><img decoding=\"async\" width=\"1024\" height=\"1024\" src=\"https:\/\/itdevconsulting.fr\/wp-content\/uploads\/2026\/02\/Logo-moderne-ITDev-Consulting.png\" alt=\"ITDev Consultiong\" class=\"wp-image-23\" style=\"width:195px;height:auto\" srcset=\"https:\/\/itdevconsulting.fr\/wp-content\/uploads\/2026\/02\/Logo-moderne-ITDev-Consulting.png 1024w, https:\/\/itdevconsulting.fr\/wp-content\/uploads\/2026\/02\/Logo-moderne-ITDev-Consulting-300x300.png 300w, https:\/\/itdevconsulting.fr\/wp-content\/uploads\/2026\/02\/Logo-moderne-ITDev-Consulting-150x150.png 150w, https:\/\/itdevconsulting.fr\/wp-content\/uploads\/2026\/02\/Logo-moderne-ITDev-Consulting-768x768.png 768w\" sizes=\"(max-width: 1024px) 100vw, 1024px\" \/><\/figure>\n\n\n\n<p>Junior sp\u00e9cialis\u00e9 en cybers\u00e9curit\u00e9, form\u00e9 aux m\u00e9thodologies d&rsquo;ITDev Consulting, Augustin vous \u00e9tonnera par sa maturit\u00e9, son pragmatisme et son efficacit\u00e9 !<\/p>\n<\/div>\n\n\n\n<p><\/p>\n","protected":false},"excerpt":{"rendered":"<p>A la fois techniquement compl\u00e9mentaires et align\u00e9s sur des valeurs identiques, nos consultants interviennent ensemble ou s\u00e9par\u00e9ment, suivant vos besoins. Nos consultants sont exp\u00e9riment\u00e9s, poss\u00e9dant \u00e0 la fois de fortes expertises techniques, des bases solides de management de projet (PRINCE2 Agile, Scrum, AgilePM), et des sensibilisations approfondies en outils de communication interpersonnelles (PCM, CNV). Envie &hellip; <\/p>\n","protected":false},"author":1,"featured_media":0,"parent":0,"menu_order":0,"comment_status":"closed","ping_status":"closed","template":"","meta":{"footnotes":""},"class_list":["post-128","page","type-page","status-publish","hentry","grid-sizer"],"_links":{"self":[{"href":"https:\/\/itdevconsulting.fr\/index.php\/wp-json\/wp\/v2\/pages\/128","targetHints":{"allow":["GET"]}}],"collection":[{"href":"https:\/\/itdevconsulting.fr\/index.php\/wp-json\/wp\/v2\/pages"}],"about":[{"href":"https:\/\/itdevconsulting.fr\/index.php\/wp-json\/wp\/v2\/types\/page"}],"author":[{"embeddable":true,"href":"https:\/\/itdevconsulting.fr\/index.php\/wp-json\/wp\/v2\/users\/1"}],"replies":[{"embeddable":true,"href":"https:\/\/itdevconsulting.fr\/index.php\/wp-json\/wp\/v2\/comments?post=128"}],"version-history":[{"count":7,"href":"https:\/\/itdevconsulting.fr\/index.php\/wp-json\/wp\/v2\/pages\/128\/revisions"}],"predecessor-version":[{"id":178,"href":"https:\/\/itdevconsulting.fr\/index.php\/wp-json\/wp\/v2\/pages\/128\/revisions\/178"}],"wp:attachment":[{"href":"https:\/\/itdevconsulting.fr\/index.php\/wp-json\/wp\/v2\/media?parent=128"}],"curies":[{"name":"wp","href":"https:\/\/api.w.org\/{rel}","templated":true}]}}