{"id":105,"date":"2026-02-12T14:37:52","date_gmt":"2026-02-12T13:37:52","guid":{"rendered":"https:\/\/itdevconsulting.fr\/?page_id=105"},"modified":"2026-02-13T16:23:41","modified_gmt":"2026-02-13T15:23:41","slug":"a-propos-ditdev-consulting","status":"publish","type":"page","link":"https:\/\/itdevconsulting.fr\/index.php\/a-propos-ditdev-consulting\/","title":{"rendered":"\u00e0 propos d&rsquo;ITDev"},"content":{"rendered":"\n<h1 class=\"wp-block-heading\">Redonner du bon sens \u00e0 la complexit\u00e9 IT.<\/h1>\n\n\n\n<p>Depuis 13 ans, ITDev Consulting accompagne les organisations dans leurs d\u00e9fis technologiques les plus ambitieux.<\/p>\n\n\n\n<h3 class=\"wp-block-heading\">Notre conviction ?<\/h3>\n\n\n\n<p>Un projet IT ne se r\u00e9sume pas \u00e0 une architecture technique, c&rsquo;est avant tout une aventure humaine.<\/p>\n\n\n\n<h3 class=\"wp-block-heading\">Pourquoi nous choisir ?<\/h3>\n\n\n\n<p><strong>Excellence technique&nbsp;: <\/strong>Les technologies maitris\u00e9es par nos consultants, ainsi que leur capacit\u00e9 \u00e0 monter en comp\u00e9tence rapidement sur les sujets n\u00e9cessaires sont gages de d\u00e9veloppement et d\u2019int\u00e9gration de qualit\u00e9.<\/p>\n\n\n\n<p><strong>Excellence M\u00e9thodologique :<\/strong> Experts en m\u00e9thodologie de conduite de projet et de gestion des flux (Lean, AgilePM, Scrum, SAFe, Kanban), nous structurons vos flux pour une livraison continue et de qualit\u00e9.<\/p>\n\n\n\n<p><strong>Intelligence Relationnelle :<\/strong> Unique sur le march\u00e9, notre approche int\u00e8gre la CNV (Communication Non-Violente) et la PCM (Process Communication Model) pour lever les freins humains et fluidifier la conduite du changement.<\/p>\n\n\n\n<p><strong>Pragmatisme &amp; Efficacit\u00e9 :<\/strong> Nous fuyons les dogmes pour privil\u00e9gier le bon sens et des solutions concr\u00e8tes adapt\u00e9es \u00e0 votre terrain.<\/p>\n\n\n\n<h3 class=\"wp-block-heading\">Notre mission : Transformer votre organisation sans jamais perdre de vue l&rsquo;humain.<\/h3>\n","protected":false},"excerpt":{"rendered":"<p>Redonner du bon sens \u00e0 la complexit\u00e9 IT. Depuis 13 ans, ITDev Consulting accompagne les organisations dans leurs d\u00e9fis technologiques les plus ambitieux. Notre conviction ? Un projet IT ne se r\u00e9sume pas \u00e0 une architecture technique, c&rsquo;est avant tout une aventure humaine. Pourquoi nous choisir ? Excellence technique&nbsp;: Les technologies maitris\u00e9es par nos consultants, &hellip; <\/p>\n","protected":false},"author":1,"featured_media":0,"parent":0,"menu_order":0,"comment_status":"closed","ping_status":"closed","template":"","meta":{"footnotes":""},"class_list":["post-105","page","type-page","status-publish","hentry","grid-sizer"],"_links":{"self":[{"href":"https:\/\/itdevconsulting.fr\/index.php\/wp-json\/wp\/v2\/pages\/105","targetHints":{"allow":["GET"]}}],"collection":[{"href":"https:\/\/itdevconsulting.fr\/index.php\/wp-json\/wp\/v2\/pages"}],"about":[{"href":"https:\/\/itdevconsulting.fr\/index.php\/wp-json\/wp\/v2\/types\/page"}],"author":[{"embeddable":true,"href":"https:\/\/itdevconsulting.fr\/index.php\/wp-json\/wp\/v2\/users\/1"}],"replies":[{"embeddable":true,"href":"https:\/\/itdevconsulting.fr\/index.php\/wp-json\/wp\/v2\/comments?post=105"}],"version-history":[{"count":4,"href":"https:\/\/itdevconsulting.fr\/index.php\/wp-json\/wp\/v2\/pages\/105\/revisions"}],"predecessor-version":[{"id":189,"href":"https:\/\/itdevconsulting.fr\/index.php\/wp-json\/wp\/v2\/pages\/105\/revisions\/189"}],"wp:attachment":[{"href":"https:\/\/itdevconsulting.fr\/index.php\/wp-json\/wp\/v2\/media?parent=105"}],"curies":[{"name":"wp","href":"https:\/\/api.w.org\/{rel}","templated":true}]}}